{"id":1565,"date":"2023-02-07T15:30:25","date_gmt":"2023-02-07T15:30:25","guid":{"rendered":"https:\/\/e-linguas.pt\/eng\/wp\/?page_id=1565"},"modified":"2023-02-07T15:30:26","modified_gmt":"2023-02-07T15:30:26","slug":"testimonials-2","status":"publish","type":"page","link":"https:\/\/e-linguas.pt\/eng\/wp\/testimonials-2\/","title":{"rendered":"Testimonials"},"content":{"rendered":"<div class=\"strong-view strong-view-id-1 modern wpmtst-modern slider-container slider-mode-horizontal slider-stretch controls-type-sides controls-style-buttons\" data-count=6 data-slider-var=strong_slider_id_1 data-state=idle><div class=\"strong-content wpmslider-content\"><div class=\"wpmtst-testimonial testimonial t-slide post-1560\"><div class=\"wpmtst-testimonial-inner testimonial-inner\"><div data-infinite-loop=\"true\"  class=\"wpmtst-testimonial-content  testimonial-content\"><h3 class=\"wpmtst-testimonial-heading testimonial-heading\">Stewart, Reino Unido<\/h3><p>Thank you so much for a quick, refreshing and deep dive into learning Portuguese. In 4 sessions I went from a hesitant speaker struggling to be understood by local Portuguese people and getting by on Brazilian \u2018Duolingo\u2019, to another level. Although there is a long way to go, I have a sense of the route map to travel, the correct pronunciations, a big tool kit at my disposal, and most of all better confidence to \u2018have a try\u2019 at speaking and communicating.<\/p><p>Thank you for a great first step into a new language for our new home.<\/p><\/div><div class=\"clear\"><\/div><\/div><\/div><div class=\"wpmtst-testimonial testimonial t-slide post-1559\"><div class=\"wpmtst-testimonial-inner testimonial-inner\"><div data-infinite-loop=\"true\"  class=\"wpmtst-testimonial-content  testimonial-content\"><h3 class=\"wpmtst-testimonial-heading testimonial-heading\">Laurence, Belgique<\/h3><p>Mijn ervaring met de online cursus is positief.Naast het zelfstandig oefeningen maken, komt er op de online les de mogelijkheid om vragen te stellen.<\/p><p>De uitspraak wordt zeer nauwzettend verbeterd, en heb zelf ondervonden de grote vooruitgang die gemaakt werd. Zeker de moeite waard.<\/p><p>Mon exp\u00e9rience avec l&#8217;apprentissage en ligne est positive. A c\u00f4t\u00e9 des excercises que chacun fait individuellement, le cours en ligne donne la possibilit\u00e9 de poser des questions. La prononciation est tr\u00e9s ponctuellement corrig\u00e9e, ce qui r\u00e9sulte en un net progr\u00e8s apr\u00e8s \u00e0 peine un mois. Ce cours en direct avec le professeur est vraiment \u00e0 recommander.<\/p><\/div><div class=\"clear\"><\/div><\/div><\/div><div class=\"wpmtst-testimonial testimonial t-slide post-1558\"><div class=\"wpmtst-testimonial-inner testimonial-inner\"><div data-infinite-loop=\"true\"  class=\"wpmtst-testimonial-content  testimonial-content\"><h3 class=\"wpmtst-testimonial-heading testimonial-heading\">Ginette et Andr\u00e9, France<\/h3><p>La plateforme e-linguas est un compl\u00e9ment id\u00e9al aux cours et aux exercices contenus dans les livres et cahiers du programme d\u2019apprentissage de la langue portugaise propos\u00e9 par AFB. Le format des exercices sur la plateforme (m\u00e9lange d\u2019oral et d\u2019\u00e9crit) et leur vari\u00e9t\u00e9 (questions avec choix de r\u00e9ponses, exercice de compr\u00e9hension, travail de r\u00e9daction) sur des th\u00e8mes de la vie courante ou de la vie professionnelle, nous permettent de consolider nos connaissances sans monotonie, ce qui nous incite \u00e0 travailler !<\/p><\/div><div class=\"clear\"><\/div><\/div><\/div><div class=\"wpmtst-testimonial testimonial t-slide post-1557\"><div class=\"wpmtst-testimonial-inner testimonial-inner\"><div data-infinite-loop=\"true\"  class=\"wpmtst-testimonial-content  testimonial-content\"><h3 class=\"wpmtst-testimonial-heading testimonial-heading\">E. B\u00e9guin, Suisse<\/h3><p>Commencer une nouvelle langue \u00e0 70 ans est un grand d\u00e9fi. Avec la plateforme e-linguas, j\u2019ai trouv\u00e9 un excellent outil. Il y a le confort de rester chez soi, bien install\u00e9e\u00a0; c\u2019est tr\u00e8s agr\u00e9able, et cela fait gagner beaucoup de temps. Les exercices sont attrayants et bien adapt\u00e9s pour consolider les contenus des cours. Des exercices audio assurent un bon entra\u00eenement \u00e0 la prononciation.<\/p><\/div><div class=\"clear\"><\/div><\/div><\/div><div class=\"wpmtst-testimonial testimonial t-slide post-1556\"><div class=\"wpmtst-testimonial-inner testimonial-inner\"><div data-infinite-loop=\"true\"  class=\"wpmtst-testimonial-content  testimonial-content\"><h3 class=\"wpmtst-testimonial-heading testimonial-heading\">Audrey<\/h3><p>Depuis septembre j\u2019utilise la plateforme et j\u2019en suis tr\u00e8s contente. Les exercices sont bien faits et les fiches grammaticales sont d\u2019une grande aide. Je vous la recommande si vous souhaitez apprendre le Portugais.<\/p><\/div><div class=\"clear\"><\/div><\/div><\/div><div class=\"wpmtst-testimonial testimonial t-slide post-1555\"><div class=\"wpmtst-testimonial-inner testimonial-inner\"><div data-infinite-loop=\"true\"  class=\"wpmtst-testimonial-content  testimonial-content\"><h3 class=\"wpmtst-testimonial-heading testimonial-heading\">Marie-Helene, France<\/h3><p>Le cours de quatre semaines pour d\u00e9butants avec AFB a \u00e9t\u00e9 tr\u00e8s inspirant et encourageant. J&#8217;ai vraiment appr\u00e9ci\u00e9 les exercices tr\u00e8s complets cr\u00e9\u00e9s pour pratiquer l&#8217;\u00e9coute, la lecture et l&#8217;expression orale. La fa\u00e7on dont Anne France a anim\u00e9 la conversation de groupe a \u00e9t\u00e9 faite avec beaucoup de talent et beaucoup de phrases et de nouveau vocabulaire ont \u00e9t\u00e9 appris facilement.<br \/>\nLa m\u00e9thode est tr\u00e8s bien con\u00e7ue et avec de l&#8217;engagement et de la pratique, il ne fait aucun doute que l&#8217;on peut apprendre les bases du portugais. Je n&#8217;ai aucune h\u00e9sitation \u00e0 recommander les m\u00e9thodes linguistiques AFB \u00e0 quiconque.<\/p><\/div><div class=\"clear\"><\/div><\/div><\/div><\/div><\/div>","protected":false},"excerpt":{"rendered":"","protected":false},"author":1,"featured_media":0,"parent":0,"menu_order":0,"comment_status":"closed","ping_status":"closed","template":"","meta":[],"yoast_head":"<!-- This site is optimized with the Yoast SEO plugin v15.0 - https:\/\/yoast.com\/wordpress\/plugins\/seo\/ -->\n<title>Testimonials - e-Linguas<\/title>\n<meta name=\"robots\" content=\"index, follow, max-snippet:-1, max-image-preview:large, max-video-preview:-1\" \/>\n<link rel=\"canonical\" href=\"https:\/\/e-linguas.pt\/eng\/wp\/testimonials-2\/\" \/>\n<meta property=\"og:locale\" content=\"en_US\" \/>\n<meta property=\"og:type\" content=\"article\" \/>\n<meta property=\"og:title\" content=\"Testimonials - e-Linguas\" \/>\n<meta property=\"og:url\" content=\"https:\/\/e-linguas.pt\/eng\/wp\/testimonials-2\/\" \/>\n<meta property=\"og:site_name\" content=\"e-Linguas\" \/>\n<meta property=\"article:modified_time\" content=\"2023-02-07T15:30:26+00:00\" \/>\n<meta property=\"og:image\" content=\"https:\/\/e-linguas.pt\/eng\/wp\/wp-content\/uploads\/2020\/09\/site_preview.png\" \/>\n\t<meta property=\"og:image:width\" content=\"478\" \/>\n\t<meta property=\"og:image:height\" content=\"379\" \/>\n<meta name=\"twitter:card\" content=\"summary_large_image\" \/>\n<script type=\"application\/ld+json\" class=\"yoast-schema-graph\">{\"@context\":\"https:\/\/schema.org\",\"@graph\":[{\"@type\":\"WebSite\",\"@id\":\"https:\/\/e-linguas.pt\/eng\/wp\/#website\",\"url\":\"https:\/\/e-linguas.pt\/eng\/wp\/\",\"name\":\"e-Linguas\",\"description\":\"\",\"potentialAction\":[{\"@type\":\"SearchAction\",\"target\":\"https:\/\/e-linguas.pt\/eng\/wp\/?s={search_term_string}\",\"query-input\":\"required name=search_term_string\"}],\"inLanguage\":\"en-US\"},{\"@type\":\"WebPage\",\"@id\":\"https:\/\/e-linguas.pt\/eng\/wp\/testimonials-2\/#webpage\",\"url\":\"https:\/\/e-linguas.pt\/eng\/wp\/testimonials-2\/\",\"name\":\"Testimonials - e-Linguas\",\"isPartOf\":{\"@id\":\"https:\/\/e-linguas.pt\/eng\/wp\/#website\"},\"datePublished\":\"2023-02-07T15:30:25+00:00\",\"dateModified\":\"2023-02-07T15:30:26+00:00\",\"inLanguage\":\"en-US\",\"potentialAction\":[{\"@type\":\"ReadAction\",\"target\":[\"https:\/\/e-linguas.pt\/eng\/wp\/testimonials-2\/\"]}]}]}<\/script>\n<!-- \/ Yoast SEO plugin. -->","_links":{"self":[{"href":"https:\/\/e-linguas.pt\/eng\/wp\/wp-json\/wp\/v2\/pages\/1565"}],"collection":[{"href":"https:\/\/e-linguas.pt\/eng\/wp\/wp-json\/wp\/v2\/pages"}],"about":[{"href":"https:\/\/e-linguas.pt\/eng\/wp\/wp-json\/wp\/v2\/types\/page"}],"author":[{"embeddable":true,"href":"https:\/\/e-linguas.pt\/eng\/wp\/wp-json\/wp\/v2\/users\/1"}],"replies":[{"embeddable":true,"href":"https:\/\/e-linguas.pt\/eng\/wp\/wp-json\/wp\/v2\/comments?post=1565"}],"version-history":[{"count":1,"href":"https:\/\/e-linguas.pt\/eng\/wp\/wp-json\/wp\/v2\/pages\/1565\/revisions"}],"predecessor-version":[{"id":1566,"href":"https:\/\/e-linguas.pt\/eng\/wp\/wp-json\/wp\/v2\/pages\/1565\/revisions\/1566"}],"wp:attachment":[{"href":"https:\/\/e-linguas.pt\/eng\/wp\/wp-json\/wp\/v2\/media?parent=1565"}],"curies":[{"name":"wp","href":"https:\/\/api.w.org\/{rel}","templated":true}]}}